{"id":38,"date":"2024-02-27T06:59:02","date_gmt":"2024-02-27T06:59:02","guid":{"rendered":"https:\/\/amohp.mx\/web\/index.php\/terms-of-use\/"},"modified":"2024-02-27T08:09:40","modified_gmt":"2024-02-27T08:09:40","slug":"ap","status":"publish","type":"page","link":"https:\/\/amohp.mx\/web\/ap\/","title":{"rendered":"Condiciones de uso"},"content":{"rendered":"\t\t<div data-elementor-type=\"wp-page\" data-elementor-id=\"38\" class=\"elementor elementor-38\" data-elementor-post-type=\"page\">\n\t\t\t\t<div class=\"elementor-element elementor-element-3e697d9b e-flex e-con-boxed e-con e-parent\" data-id=\"3e697d9b\" data-element_type=\"container\" data-core-v316-plus=\"true\">\n\t\t\t\t\t<div class=\"e-con-inner\">\n\t\t<div class=\"elementor-element elementor-element-73f91196 e-con-full e-flex e-con e-child\" data-id=\"73f91196\" data-element_type=\"container\" data-settings=\"{&quot;background_background&quot;:&quot;classic&quot;}\">\n\t\t\t\t<div class=\"elementor-element elementor-element-2b8a647c elementor-view-stacked elementor-position-left elementor-vertical-align-middle elementor-shape-circle elementor-mobile-position-top elementor-widget elementor-widget-icon-box\" data-id=\"2b8a647c\" data-element_type=\"widget\" data-widget_type=\"icon-box.default\">\n\t\t\t\t<div class=\"elementor-widget-container\">\n\t\t\t<link rel=\"stylesheet\" href=\"https:\/\/amohp.mx\/web\/wp-content\/plugins\/elementor\/assets\/css\/widget-icon-box.min.css\">\t\t<div class=\"elementor-icon-box-wrapper\">\n\t\t\t\t\t\t<div class=\"elementor-icon-box-icon\">\n\t\t\t\t<span  class=\"elementor-icon elementor-animation-\">\n\t\t\t\t<svg aria-hidden=\"true\" class=\"e-font-icon-svg e-fas-circle\" viewBox=\"0 0 512 512\" xmlns=\"http:\/\/www.w3.org\/2000\/svg\"><path d=\"M256 8C119 8 8 119 8 256s111 248 248 248 248-111 248-248S393 8 256 8z\"><\/path><\/svg>\t\t\t\t<\/span>\n\t\t\t<\/div>\n\t\t\t\t\t\t<div class=\"elementor-icon-box-content\">\n\t\t\t\t<h3 class=\"elementor-icon-box-title\">\n\t\t\t\t\t<span  >\n\t\t\t\t\t\tcondiciones de uso\t\t\t\t\t<\/span>\n\t\t\t\t<\/h3>\n\t\t\t\t\t\t\t<\/div>\n\t\t<\/div>\n\t\t\t\t<\/div>\n\t\t\t\t<\/div>\n\t\t\t\t<div class=\"elementor-element elementor-element-145303d9 elementor-widget elementor-widget-text-editor\" data-id=\"145303d9\" data-element_type=\"widget\" data-widget_type=\"text-editor.default\">\n\t\t\t\t<div class=\"elementor-widget-container\">\n\t\t\t<style>\/*! elementor - v3.20.0 - 26-03-2024 *\/\n.elementor-widget-text-editor.elementor-drop-cap-view-stacked .elementor-drop-cap{background-color:#69727d;color:#fff}.elementor-widget-text-editor.elementor-drop-cap-view-framed .elementor-drop-cap{color:#69727d;border:3px solid;background-color:transparent}.elementor-widget-text-editor:not(.elementor-drop-cap-view-default) .elementor-drop-cap{margin-top:8px}.elementor-widget-text-editor:not(.elementor-drop-cap-view-default) .elementor-drop-cap-letter{width:1em;height:1em}.elementor-widget-text-editor .elementor-drop-cap{float:left;text-align:center;line-height:1;font-size:50px}.elementor-widget-text-editor .elementor-drop-cap-letter{display:inline-block}<\/style>\t\t\t\t<p>1. Introducci\u00f3n<\/p>\t\t\t\t\t\t<\/div>\n\t\t\t\t<\/div>\n\t\t\t\t<div class=\"elementor-element elementor-element-2c0f96e2 elementor-widget elementor-widget-text-editor\" data-id=\"2c0f96e2\" data-element_type=\"widget\" data-widget_type=\"text-editor.default\">\n\t\t\t\t<div class=\"elementor-widget-container\">\n\t\t\t\t\t\t\t<p>Bienvenido a AMOHP web. Estos t\u00e9rminos y condiciones de uso (los &#8220;T\u00e9rminos&#8221;) rigen el acceso y uso de nuestro sitio web, incluyendo la participaci\u00f3n en nuestro sistema de socios, el acceso a sesiones acad\u00e9micas en video y la asistencia a eventos. Al utilizar nuestro sitio web, usted acepta estos T\u00e9rminos en su totalidad. Si no est\u00e1 de acuerdo con estos T\u00e9rminos, no debe utilizar nuestro sitio web.<\/p>\t\t\t\t\t\t<\/div>\n\t\t\t\t<\/div>\n\t\t\t\t<div class=\"elementor-element elementor-element-69074653 elementor-widget elementor-widget-text-editor\" data-id=\"69074653\" data-element_type=\"widget\" data-widget_type=\"text-editor.default\">\n\t\t\t\t<div class=\"elementor-widget-container\">\n\t\t\t\t\t\t\t<p>2. Sistema de socios<\/p>\t\t\t\t\t\t<\/div>\n\t\t\t\t<\/div>\n\t\t\t\t<div class=\"elementor-element elementor-element-1a701706 elementor-widget elementor-widget-text-editor\" data-id=\"1a701706\" data-element_type=\"widget\" data-widget_type=\"text-editor.default\">\n\t\t\t\t<div class=\"elementor-widget-container\">\n\t\t\t\t\t\t\t<p>2.1. Para convertirse en socio de nuestro sitio web, debe completar el proceso de registro y pagar la cuota anual correspondiente.<br \/>2.2. Como socio, tendr\u00e1 acceso a contenido exclusivo, sesiones acad\u00e9micas en video y eventos especiales.<br \/>2.3. La membres\u00eda se deber\u00e1 renovar cada a\u00f1o en los primeros 3 meses del mismo<\/p>\t\t\t\t\t\t<\/div>\n\t\t\t\t<\/div>\n\t\t\t\t<div class=\"elementor-element elementor-element-440b0fb7 elementor-widget elementor-widget-text-editor\" data-id=\"440b0fb7\" data-element_type=\"widget\" data-widget_type=\"text-editor.default\">\n\t\t\t\t<div class=\"elementor-widget-container\">\n\t\t\t\t\t\t\t<p>3. Contenido Acad\u00e9mico en Video<\/p>\t\t\t\t\t\t<\/div>\n\t\t\t\t<\/div>\n\t\t\t\t<div class=\"elementor-element elementor-element-7992fed9 elementor-widget elementor-widget-text-editor\" data-id=\"7992fed9\" data-element_type=\"widget\" data-widget_type=\"text-editor.default\">\n\t\t\t\t<div class=\"elementor-widget-container\">\n\t\t\t\t\t\t\t<p>3.1. Ofrecemos sesiones acad\u00e9micas en video para nuestros usuarios y socios.<\/p><p>3.2. Estas sesiones est\u00e1n sujetas a derechos de autor y son solo para uso personal y no comercial.<\/p><p>3.3. No est\u00e1 permitido copiar, distribuir, modificar o vender nuestro contenido acad\u00e9mico en video.<\/p><div>\u00a0<\/div>\t\t\t\t\t\t<\/div>\n\t\t\t\t<\/div>\n\t\t\t\t<div class=\"elementor-element elementor-element-3162b0c elementor-widget elementor-widget-text-editor\" data-id=\"3162b0c\" data-element_type=\"widget\" data-widget_type=\"text-editor.default\">\n\t\t\t\t<div class=\"elementor-widget-container\">\n\t\t\t\t\t\t\t<p>4. Eventos, convocatorias y sesiones acad\u00e9micas<\/p>\t\t\t\t\t\t<\/div>\n\t\t\t\t<\/div>\n\t\t\t\t<div class=\"elementor-element elementor-element-ff88b41 elementor-widget elementor-widget-text-editor\" data-id=\"ff88b41\" data-element_type=\"widget\" data-widget_type=\"text-editor.default\">\n\t\t\t\t<div class=\"elementor-widget-container\">\n\t\t\t\t\t\t\t<p>4.1. Organizamos eventos peri\u00f3dicamente para nuestros usuarios y socios.<\/p><p>4.2. Para asistir a un evento, debe registrarse y, si es necesario, pagar la cuota correspondiente.<\/p><p>4.3. Los eventos est\u00e1n sujetos a cambios o cancelaciones, y haremos todo lo posible por comunicar estos cambios con antelaci\u00f3n.<\/p>\t\t\t\t\t\t<\/div>\n\t\t\t\t<\/div>\n\t\t\t\t<div class=\"elementor-element elementor-element-1b6f6be elementor-widget elementor-widget-text-editor\" data-id=\"1b6f6be\" data-element_type=\"widget\" data-widget_type=\"text-editor.default\">\n\t\t\t\t<div class=\"elementor-widget-container\">\n\t\t\t\t\t\t\t<p>5. Uso del Sitio Web<\/p>\t\t\t\t\t\t<\/div>\n\t\t\t\t<\/div>\n\t\t\t\t<div class=\"elementor-element elementor-element-4b31ff4 elementor-widget elementor-widget-text-editor\" data-id=\"4b31ff4\" data-element_type=\"widget\" data-widget_type=\"text-editor.default\">\n\t\t\t\t<div class=\"elementor-widget-container\">\n\t\t\t\t\t\t\t<p>5.1. Debe utilizar nuestro sitio web de manera responsable y conforme a la ley.<\/p><p>5.2. No debe utilizar nuestro sitio web para fines ilegales o no autorizados.<\/p><p>5.3. Nos reservamos el derecho de suspender o terminar su acceso al sitio web si viola estos T\u00e9rminos.<\/p>\t\t\t\t\t\t<\/div>\n\t\t\t\t<\/div>\n\t\t\t\t<div class=\"elementor-element elementor-element-302478d elementor-widget elementor-widget-text-editor\" data-id=\"302478d\" data-element_type=\"widget\" data-widget_type=\"text-editor.default\">\n\t\t\t\t<div class=\"elementor-widget-container\">\n\t\t\t\t\t\t\t<p>6. Modificaciones a los T\u00e9rminos<\/p>\t\t\t\t\t\t<\/div>\n\t\t\t\t<\/div>\n\t\t\t\t<div class=\"elementor-element elementor-element-8f6055f elementor-widget elementor-widget-text-editor\" data-id=\"8f6055f\" data-element_type=\"widget\" data-widget_type=\"text-editor.default\">\n\t\t\t\t<div class=\"elementor-widget-container\">\n\t\t\t\t\t\t\t<p>6.1. Podemos modificar estos T\u00e9rminos en cualquier momento sin previo aviso.<\/p><p>6.2. Cualquier modificaci\u00f3n entrar\u00e1 en vigor inmediatamente despu\u00e9s de su publicaci\u00f3n en nuestro sitio web.<\/p>\t\t\t\t\t\t<\/div>\n\t\t\t\t<\/div>\n\t\t\t\t<div class=\"elementor-element elementor-element-199a546b elementor-absolute elementor-widget elementor-widget-menu-anchor\" data-id=\"199a546b\" data-element_type=\"widget\" data-settings=\"{&quot;_position&quot;:&quot;absolute&quot;}\" data-widget_type=\"menu-anchor.default\">\n\t\t\t\t<div class=\"elementor-widget-container\">\n\t\t\t<style>\/*! elementor - v3.20.0 - 26-03-2024 *\/\nbody.elementor-page .elementor-widget-menu-anchor{margin-bottom:0}<\/style>\t\t<div id=\"privacy\" class=\"elementor-menu-anchor\"><\/div>\n\t\t\t\t<\/div>\n\t\t\t\t<\/div>\n\t\t\t\t<\/div>\n\t\t\t\t\t<\/div>\n\t\t\t\t<\/div>\n\t\t<div class=\"elementor-element elementor-element-36c0d1f4 e-flex e-con-boxed e-con e-parent\" data-id=\"36c0d1f4\" data-element_type=\"container\" data-core-v316-plus=\"true\">\n\t\t\t\t\t<div class=\"e-con-inner\">\n\t\t<div class=\"elementor-element elementor-element-1a84af62 e-con-full e-flex e-con e-child\" data-id=\"1a84af62\" data-element_type=\"container\" data-settings=\"{&quot;background_background&quot;:&quot;classic&quot;}\">\n\t\t\t\t<div class=\"elementor-element elementor-element-2c1e6cb5 elementor-view-stacked elementor-position-left elementor-vertical-align-middle elementor-shape-circle elementor-mobile-position-top elementor-widget elementor-widget-icon-box\" data-id=\"2c1e6cb5\" data-element_type=\"widget\" data-widget_type=\"icon-box.default\">\n\t\t\t\t<div class=\"elementor-widget-container\">\n\t\t\t\t\t<div class=\"elementor-icon-box-wrapper\">\n\t\t\t\t\t\t<div class=\"elementor-icon-box-icon\">\n\t\t\t\t<span  class=\"elementor-icon elementor-animation-\">\n\t\t\t\t<svg aria-hidden=\"true\" class=\"e-font-icon-svg e-fas-circle\" viewBox=\"0 0 512 512\" xmlns=\"http:\/\/www.w3.org\/2000\/svg\"><path d=\"M256 8C119 8 8 119 8 256s111 248 248 248 248-111 248-248S393 8 256 8z\"><\/path><\/svg>\t\t\t\t<\/span>\n\t\t\t<\/div>\n\t\t\t\t\t\t<div class=\"elementor-icon-box-content\">\n\t\t\t\t<h3 class=\"elementor-icon-box-title\">\n\t\t\t\t\t<span  >\n\t\t\t\t\t\tAviso de privacidad\t\t\t\t\t<\/span>\n\t\t\t\t<\/h3>\n\t\t\t\t\t\t\t<\/div>\n\t\t<\/div>\n\t\t\t\t<\/div>\n\t\t\t\t<\/div>\n\t\t\t\t<div class=\"elementor-element elementor-element-2145aadb elementor-widget elementor-widget-text-editor\" data-id=\"2145aadb\" data-element_type=\"widget\" data-widget_type=\"text-editor.default\">\n\t\t\t\t<div class=\"elementor-widget-container\">\n\t\t\t\t\t\t\t<p>En AMOHP.mx tratamos sus datos personales para ofrecerle servicios de educaci\u00f3n, investigaci\u00f3n y divulgaci\u00f3n cient\u00edfica.<\/p>\t\t\t\t\t\t<\/div>\n\t\t\t\t<\/div>\n\t\t\t\t<div class=\"elementor-element elementor-element-10ed9977 elementor-widget elementor-widget-text-editor\" data-id=\"10ed9977\" data-element_type=\"widget\" data-widget_type=\"text-editor.default\">\n\t\t\t\t<div class=\"elementor-widget-container\">\n\t\t\t\t\t\t\t<p>De conformidad con lo establecido en la Ley Federal de Protecci\u00f3n de Datos Personales en Posesi\u00f3n de los Particulares, la Agrupaci\u00f3n Mexicana de Onco Hematolog\u00eda Pedi\u00e1trica \u00a0pone a su disposici\u00f3n el siguiente aviso de privacidad.<\/p><p>Medclic.mx, es responsable del uso y protecci\u00f3n de sus datos personales, en este sentido y atendiendo\u00a0las obligaciones legales establecidas en la Ley Federal de Protecci\u00f3n de Datos Personales en Posesi\u00f3n de\u00a0los Particulares, a trav\u00e9s de este instrumento se informa a los titulares de los datos, la informaci\u00f3n que de\u00a0ellos se recaba y los fines que se le dar\u00e1n a dicha informaci\u00f3n.<\/p><p>Adem\u00e1s de lo anterior, informamos a usted que Medclic.mx, tiene su domicilio ubicado en:<\/p><p>Av. IMAN 93, Insurgentes Cuicuilco, CDMX. M\u00e9xico 04530<\/p><p>Los datos personales que recabamos de usted ser\u00e1n utilizados para las siguientes finalidades, las cuales\u00a0son necesarias para concretar nuestra relaci\u00f3n con usted, as\u00ed como para atender los servicios que el sitio web www.medclic.mx ofrecen:<\/p><p>Funcionamiento de los sistemas de apoyo acad\u00e9mico, ciencia y divulgaci\u00f3n, asi como sistema de socios www.amohp.mx, requiriendo datos acad\u00e9micos, personales, as\u00ed como datos asociados a su actividad profesional y acad\u00e9mica.<\/p><p>Para llevar a cabo las finalidades descritas en el presente aviso de privacidad, utilizaremos los siguientes\u00a0datos personales:<\/p><p>Nombre, tel\u00e9fono, lugar de trabajo, identificadores de redes sociales. Fecha de nacimiento, edad,\u00a0Historial acad\u00e9mico.<\/p><p>Por otra parte, informamos a usted, que sus datos personales no ser\u00e1n compartidos con ninguna autoridad,\u00a0empresa, organizaci\u00f3n o persona distintas a nosotros y ser\u00e1n utilizados exclusivamente para los fines\u00a0se\u00f1alados.<\/p><p>Usted tiene en todo momento el derecho a conocer qu\u00e9 datos personales tenemos de usted, para qu\u00e9 los\u00a0utilizamos y las condiciones del uso que les damos (Acceso). Asimismo, es su derecho solicitar la\u00a0correcci\u00f3n de su informaci\u00f3n personal en caso de que est\u00e9 desactualizada, sea inexacta o incompleta\u00a0(Rectificaci\u00f3n); de igual manera, tiene derecho a que su informaci\u00f3n se elimine de nuestros registros o bases\u00a0de datos cuando considere que la misma no est\u00e1 siendo utilizada adecuadamente (Cancelaci\u00f3n); as\u00ed como\u00a0tambi\u00e9n a oponerse al uso de sus datos personales para fines espec\u00edficos (Oposici\u00f3n). Estos derechos se\u00a0conocen como derechos ARCO.<\/p><p>Para el ejercicio de cualquiera de los derechos ARCO, se deber\u00e1 presentar la solicitud respectiva a trav\u00e9s de\u00a0la siguiente direcci\u00f3n electr\u00f3nica:<\/p><p>amohp@medclic.mx<\/p><p>Debiendo enviar el e-mail desde la cuenta registrada en www.Medclic.mx y especificando la modificaci\u00f3n que solicita realizar.<\/p><p>La respuesta a la solicitud se dar\u00e1 en el siguiente plazo: 5 d\u00edas h\u00e1biles, y se comunicar\u00e1 mediante correo electr\u00f3nico.<\/p><p>Los datos de contacto de la persona o departamento de datos personales, que est\u00e1 a cargo de dar tr\u00e1mite a\u00a0las solicitudes de derechos ARCO, son:<\/p><p>a) Nombre del responsable: C\u00e9sar Alejandro Galv\u00e1n D\u00edaz<br \/>b) Domicilio:\u00a0Alba 93-301<br \/>c) Tel\u00e9fono: 5584216686<br \/>d) Correo electr\u00f3nico: cesar@medclic.mx<\/p><p>Cabe mencionar, que en cualquier momento usted puede revocar su consentimiento para el uso de sus\u00a0datos personales. Del mismo modo, usted puede revocar el consentimiento que, en su caso, nos haya\u00a0otorgado para el tratamiento de sus datos personales.\u00a0Sin embargo, es importante que tenga en cuenta que no en todos los casos podremos atender su solicitud o concluir el uso de forma inmediata, ya que es posible que por alguna obligaci\u00f3n legal se requiera seguir tratando sus datos personales. Asimismo, usted deber\u00e1 considerar que para ciertos fines, la revocaci\u00f3n de su consentimiento implicar\u00e1 que no podamos seguir prestando el servicio que nos solicit\u00f3, o la conclusi\u00f3n de su relaci\u00f3n con nosotros.<\/p><p>Revocar el consentimiento que usted otorga en este acto o limitar su divulgaci\u00f3n, implica la eliminaci\u00f3n de su cuenta e historial en www.amohp.mx, para este fin se deber\u00e1 solicitar la eliminaci\u00f3n de su cuenta escribiendo a:<\/p><p>amohp@medclic.mx<\/p><p>Debiendo especificar en el titulo del mensaje su nombre de usuario registrado en www.amohp.mx y \u00a0el texto \u201cEliminar cuenta\u201d, desde el e-mail que se registr\u00f3.<\/p><p>Podr\u00e1 solicitar la informaci\u00f3n para conocer el procedimiento y requisitos para la revocaci\u00f3n del consentimiento, mediante un correo electr\u00f3nico dirigido a:<\/p><p>amohp@medclic.mx<\/p><p>Pudiendo por este medio igualmente limitar el uso y divulgaci\u00f3n de su informaci\u00f3n personal, sin embargo, estas solicitudes deber\u00e1n contener la siguiente informaci\u00f3n:<\/p><p>Nombre completo, e-mail registrado y nombre de usuario<\/p><p>La respuesta a la solicitud de revocaci\u00f3n o limitaci\u00f3n de divulgaci\u00f3n de sus datos se dar\u00e1 a m\u00e1s tardar en 20 d\u00edas h\u00e1biles y se comunicar\u00e1 de la siguiente forma:<\/p><p>A trav\u00e9s del correo electr\u00f3nico que se proporcione en la solicitud.<\/p><p>El presente aviso de privacidad puede sufrir modificaciones, cambios o actualizaciones derivadas de nuevos requerimientos legales; de nuestras propias necesidades por los productos o servicios que ofrecemos; de nuestras pr\u00e1cticas de privacidad; de cambios en nuestro modelo de negocio, o por otras causas, por lo cual, nos comprometemos a mantenerlo informado sobre los cambios que pueda sufrir el presente aviso de privacidad, sin embargo, usted puede solicitar informaci\u00f3n sobre si el mismo ha sufrido alg\u00fan cambio a trav\u00e9s de la siguiente direcci\u00f3n electr\u00f3nica:<\/p><p>https:\/\/amohp.mx\/web\/ap\/<\/p>\t\t\t\t\t\t<\/div>\n\t\t\t\t<\/div>\n\t\t\t\t<\/div>\n\t\t\t\t\t<\/div>\n\t\t\t\t<\/div>\n\t\t\t\t<\/div>\n\t\t","protected":false},"excerpt":{"rendered":"<p>condiciones de uso 1. Introducci\u00f3n Bienvenido a AMOHP web. Estos t\u00e9rminos y condiciones de uso (los &#8220;T\u00e9rminos&#8221;) rigen el acceso y uso de nuestro sitio web, incluyendo la participaci\u00f3n en nuestro sistema de socios, el acceso a sesiones acad\u00e9micas en video y la asistencia a eventos. Al utilizar nuestro sitio web, usted acepta estos T\u00e9rminos [&hellip;]<\/p>\n","protected":false},"author":1,"featured_media":41,"parent":0,"menu_order":0,"comment_status":"closed","ping_status":"closed","template":"elementor_header_footer","meta":{"_acf_changed":false,"footnotes":""},"class_list":["post-38","page","type-page","status-publish","has-post-thumbnail","hentry"],"acf":[],"jetpack_sharing_enabled":true,"_links":{"self":[{"href":"https:\/\/amohp.mx\/web\/wp-json\/wp\/v2\/pages\/38","targetHints":{"allow":["GET"]}}],"collection":[{"href":"https:\/\/amohp.mx\/web\/wp-json\/wp\/v2\/pages"}],"about":[{"href":"https:\/\/amohp.mx\/web\/wp-json\/wp\/v2\/types\/page"}],"author":[{"embeddable":true,"href":"https:\/\/amohp.mx\/web\/wp-json\/wp\/v2\/users\/1"}],"replies":[{"embeddable":true,"href":"https:\/\/amohp.mx\/web\/wp-json\/wp\/v2\/comments?post=38"}],"version-history":[{"count":13,"href":"https:\/\/amohp.mx\/web\/wp-json\/wp\/v2\/pages\/38\/revisions"}],"predecessor-version":[{"id":184,"href":"https:\/\/amohp.mx\/web\/wp-json\/wp\/v2\/pages\/38\/revisions\/184"}],"wp:featuredmedia":[{"embeddable":true,"href":"https:\/\/amohp.mx\/web\/wp-json\/wp\/v2\/media\/41"}],"wp:attachment":[{"href":"https:\/\/amohp.mx\/web\/wp-json\/wp\/v2\/media?parent=38"}],"curies":[{"name":"wp","href":"https:\/\/api.w.org\/{rel}","templated":true}]}}